{"id":10475,"date":"2025-12-12T22:49:33","date_gmt":"2025-12-12T21:49:33","guid":{"rendered":"https:\/\/catalogue.biofabmed.com\/?post_type=product&#038;p=10475"},"modified":"2025-12-12T22:49:35","modified_gmt":"2025-12-12T21:49:35","slug":"biolis-i24-premium","status":"publish","type":"product","link":"https:\/\/catalogue.biofabmed.com\/?product=biolis-i24-premium","title":{"rendered":"Biolis i24 Premium"},"content":{"rendered":"<p>Le syst\u00e8me d\u2019analyse multifonctionnel automatique \u00ab BiOLiS 24i Premium \u00bb est utilis\u00e9 dans les essais cliniques pour v\u00e9rifier diff\u00e9rents tests, tels que l\u2019oxyg\u00e8ne et la graisse dans le sang du patient. le BiOLiS 24i est utilis\u00e9 dans plus de 3.000 \u00e9tablissements m\u00e9dicaux dans plus de 60 pays).<\/p>\n","protected":false},"excerpt":{"rendered":"<p>Le syst\u00e8me d\u2019analyse multifonctionnel automatique \u00ab BiOLiS 24i Premium \u00bb est utilis\u00e9 dans les essais cliniques pour v\u00e9rifier diff\u00e9rents tests, tels que l\u2019oxyg\u00e8ne et la graisse dans le sang du patient. le BiOLiS 24i est utilis\u00e9 dans plus de 3.000 \u00e9tablissements m\u00e9dicaux dans plus de 60 pays).<\/p>\n","protected":false},"featured_media":10411,"comment_status":"open","ping_status":"closed","template":"","meta":[],"pwb-brand":[],"product_brand":[],"product_cat":[15],"product_tag":[],"class_list":{"0":"post-10475","1":"product","2":"type-product","3":"status-publish","4":"has-post-thumbnail","6":"product_cat-non-classe","8":"first","9":"instock","10":"shipping-taxable","11":"purchasable","12":"product-type-simple","13":"add-to-wishlist-after_add_to_cart"},"brands":[],"_links":{"self":[{"href":"https:\/\/catalogue.biofabmed.com\/index.php?rest_route=\/wp\/v2\/product\/10475","targetHints":{"allow":["GET"]}}],"collection":[{"href":"https:\/\/catalogue.biofabmed.com\/index.php?rest_route=\/wp\/v2\/product"}],"about":[{"href":"https:\/\/catalogue.biofabmed.com\/index.php?rest_route=\/wp\/v2\/types\/product"}],"replies":[{"embeddable":true,"href":"https:\/\/catalogue.biofabmed.com\/index.php?rest_route=%2Fwp%2Fv2%2Fcomments&post=10475"}],"wp:featuredmedia":[{"embeddable":true,"href":"https:\/\/catalogue.biofabmed.com\/index.php?rest_route=\/wp\/v2\/media\/10411"}],"wp:attachment":[{"href":"https:\/\/catalogue.biofabmed.com\/index.php?rest_route=%2Fwp%2Fv2%2Fmedia&parent=10475"}],"wp:term":[{"taxonomy":"pwb-brand","embeddable":true,"href":"https:\/\/catalogue.biofabmed.com\/index.php?rest_route=%2Fwp%2Fv2%2Fpwb-brand&post=10475"},{"taxonomy":"product_brand","embeddable":true,"href":"https:\/\/catalogue.biofabmed.com\/index.php?rest_route=%2Fwp%2Fv2%2Fproduct_brand&post=10475"},{"taxonomy":"product_cat","embeddable":true,"href":"https:\/\/catalogue.biofabmed.com\/index.php?rest_route=%2Fwp%2Fv2%2Fproduct_cat&post=10475"},{"taxonomy":"product_tag","embeddable":true,"href":"https:\/\/catalogue.biofabmed.com\/index.php?rest_route=%2Fwp%2Fv2%2Fproduct_tag&post=10475"}],"curies":[{"name":"wp","href":"https:\/\/api.w.org\/{rel}","templated":true}]}}