{"id":10473,"date":"2025-12-12T22:49:33","date_gmt":"2025-12-12T21:49:33","guid":{"rendered":"https:\/\/catalogue.biofabmed.com\/?post_type=product&#038;p=10473"},"modified":"2025-12-12T22:49:34","modified_gmt":"2025-12-12T21:49:34","slug":"analyseur-dimmunoanalyse-automatique-aia-900","status":"publish","type":"product","link":"https:\/\/catalogue.biofabmed.com\/?product=analyseur-dimmunoanalyse-automatique-aia-900","title":{"rendered":"Analyseur d&#8217;immunoanalyse automatique AIA-900"},"content":{"rendered":"<div class=\"sc-3fi1by-0 hlEuXW\">APER\u00c7U DES PRODUITS : &#8211; L&#8217;AIA-900 est un nouvel ajout \u00e0 la famille d&#8217;analyseurs AIA de Tosoh et a un d\u00e9bit de 90 tests par heure en ex\u00e9cutant n&#8217;importe quelle combinaison d&#8217;essais AIA ST. L&#8217;AIA-900 est disponible en trois mod\u00e8les diff\u00e9rents : l&#8217;AIA-900, l&#8217;AIA-900 avec le trieur \u00e0 9 plateaux et l&#8217;AIA-900 avec le trieur \u00e0 19 plateaux. Les trois mod\u00e8les offrent aux clients une opportunit\u00e9 unique d&#8217;\u00e9voluer avec leurs volumes de tests. Il s&#8217;agit d&#8217;une excellente solution pour les laboratoires de taille moyenne qui peuvent commencer avec le mod\u00e8le \u00e0 chargeur et ajouter la trieuse \u00e0 9 ou 19 plateaux pour augmenter leur capacit\u00e9 de test. L&#8217;AIA-900 utilise la m\u00eame technologie de r\u00e9actifs Unit Dose Test Cup que tous les analyseurs d&#8217;immunoessais Tosoh AIA et offre le menu complet des tests AIA* *Tous les tests peuvent ne pas \u00eatre disponibles dans tous les pays en raison des exigences d&#8217;enregistrement locales. PROPRI\u00c9T\u00c9S\/GRADES TYPIQUES : Mode de fonctionnement &#8211; Acc\u00e8s al\u00e9atoire continu Interface &#8211; RS232C (communication bidirectionnelle) Syst\u00e8me de d\u00e9tection &#8211; D\u00e9tection par fluorescence de haut en bas M\u00e9thodologie d&#8217;essai : sandwich et FEIA comp\u00e9titif en une ou deux \u00e9tapes<\/div>\n<p>&#8212;<\/p>\n","protected":false},"excerpt":{"rendered":"<p>APER\u00c7U DES PRODUITS : &#8211; L&#8217;AIA-900 est un nouvel ajout \u00e0 la famille d&#8217;analyseurs AIA de Tosoh et a un d\u00e9bit de 90 tests par heure en ex\u00e9cutant n&#8217;importe quelle combinaison d&#8217;essais AIA ST. L&#8217;AIA-900 est disponible en trois mod\u00e8les diff\u00e9rents : l&#8217;AIA-900, l&#8217;AIA-900 avec le trieur \u00e0 9 plateaux et l&#8217;AIA-900 avec le trieur [&hellip;]<\/p>\n","protected":false},"featured_media":10407,"comment_status":"open","ping_status":"closed","template":"","meta":[],"pwb-brand":[],"product_brand":[],"product_cat":[15],"product_tag":[],"class_list":{"0":"post-10473","1":"product","2":"type-product","3":"status-publish","4":"has-post-thumbnail","6":"product_cat-non-classe","8":"first","9":"instock","10":"shipping-taxable","11":"purchasable","12":"product-type-simple","13":"add-to-wishlist-after_add_to_cart"},"brands":[],"_links":{"self":[{"href":"https:\/\/catalogue.biofabmed.com\/index.php?rest_route=\/wp\/v2\/product\/10473","targetHints":{"allow":["GET"]}}],"collection":[{"href":"https:\/\/catalogue.biofabmed.com\/index.php?rest_route=\/wp\/v2\/product"}],"about":[{"href":"https:\/\/catalogue.biofabmed.com\/index.php?rest_route=\/wp\/v2\/types\/product"}],"replies":[{"embeddable":true,"href":"https:\/\/catalogue.biofabmed.com\/index.php?rest_route=%2Fwp%2Fv2%2Fcomments&post=10473"}],"wp:featuredmedia":[{"embeddable":true,"href":"https:\/\/catalogue.biofabmed.com\/index.php?rest_route=\/wp\/v2\/media\/10407"}],"wp:attachment":[{"href":"https:\/\/catalogue.biofabmed.com\/index.php?rest_route=%2Fwp%2Fv2%2Fmedia&parent=10473"}],"wp:term":[{"taxonomy":"pwb-brand","embeddable":true,"href":"https:\/\/catalogue.biofabmed.com\/index.php?rest_route=%2Fwp%2Fv2%2Fpwb-brand&post=10473"},{"taxonomy":"product_brand","embeddable":true,"href":"https:\/\/catalogue.biofabmed.com\/index.php?rest_route=%2Fwp%2Fv2%2Fproduct_brand&post=10473"},{"taxonomy":"product_cat","embeddable":true,"href":"https:\/\/catalogue.biofabmed.com\/index.php?rest_route=%2Fwp%2Fv2%2Fproduct_cat&post=10473"},{"taxonomy":"product_tag","embeddable":true,"href":"https:\/\/catalogue.biofabmed.com\/index.php?rest_route=%2Fwp%2Fv2%2Fproduct_tag&post=10473"}],"curies":[{"name":"wp","href":"https:\/\/api.w.org\/{rel}","templated":true}]}}