{"id":10371,"date":"2024-08-11T14:43:24","date_gmt":"2024-08-11T12:43:24","guid":{"rendered":"https:\/\/catalogue.biofabmed.com\/?post_type=product&#038;p=10371"},"modified":"2025-12-12T18:10:52","modified_gmt":"2025-12-12T17:10:52","slug":"bandelette-urinaire","status":"publish","type":"product","link":"https:\/\/catalogue.biofabmed.com\/?product=bandelette-urinaire","title":{"rendered":"BANDELETTE URINAIRE 10 PARAM\u00c8TRES"},"content":{"rendered":"<ul>\n<li>Les bandelettes urinaires 10 param\u00e8tres permettent une analyse rapide et fiable de l\u2019urine pour d\u00e9tecter des anomalies ou surveiller certaines pathologies. Elles mesurent des param\u00e8tres tels que :\n<ul>\n<li>Leucocytes<\/li>\n<li>Nitrites<\/li>\n<li>Prot\u00e9ines<\/li>\n<li>pH<\/li>\n<li>Sang<\/li>\n<li>Densit\u00e9<\/li>\n<li>Glucose<\/li>\n<li>C\u00e9tones<\/li>\n<li>Bilirubine<\/li>\n<li>Urobilinog\u00e8ne<\/li>\n<\/ul>\n<\/li>\n<li><strong>UTILISATION<\/strong> :<br \/>\nCes bandelettes sont principalement utilis\u00e9es pour le d\u00e9pistage initial des infections urinaires, des troubles m\u00e9taboliques, ou pour le suivi des patients. Elles offrent des r\u00e9sultats rapides en seulement 1 \u00e0 2 minutes.<\/li>\n<li><strong>PR\u00c9CAUTIONS<\/strong> :<br \/>\nConserver \u00e0 l\u2019abri de l\u2019humidit\u00e9 et \u00e0 temp\u00e9rature ambiante. Ne pas utiliser apr\u00e8s la date de p\u00e9remption indiqu\u00e9e sur l\u2019emballage.<\/li>\n<\/ul>\n","protected":false},"excerpt":{"rendered":"<p>Les bandelettes urinaires 10 param\u00e8tres permettent une analyse rapide et fiable de l\u2019urine pour d\u00e9tecter des anomalies ou surveiller certaines pathologies. Elles mesurent des param\u00e8tres tels que : Leucocytes Nitrites Prot\u00e9ines pH Sang Densit\u00e9 Glucose C\u00e9tones Bilirubine Urobilinog\u00e8ne UTILISATION : Ces bandelettes sont principalement utilis\u00e9es pour le d\u00e9pistage initial des infections urinaires, des troubles m\u00e9taboliques, [&hellip;]<\/p>\n","protected":false},"featured_media":10470,"comment_status":"open","ping_status":"closed","template":"","meta":[],"pwb-brand":[],"product_brand":[],"product_cat":[15],"product_tag":[],"class_list":{"0":"post-10371","1":"product","2":"type-product","3":"status-publish","4":"has-post-thumbnail","6":"product_cat-non-classe","8":"first","9":"instock","10":"shipping-taxable","11":"purchasable","12":"product-type-simple","13":"add-to-wishlist-after_add_to_cart"},"brands":[],"_links":{"self":[{"href":"https:\/\/catalogue.biofabmed.com\/index.php?rest_route=\/wp\/v2\/product\/10371","targetHints":{"allow":["GET"]}}],"collection":[{"href":"https:\/\/catalogue.biofabmed.com\/index.php?rest_route=\/wp\/v2\/product"}],"about":[{"href":"https:\/\/catalogue.biofabmed.com\/index.php?rest_route=\/wp\/v2\/types\/product"}],"replies":[{"embeddable":true,"href":"https:\/\/catalogue.biofabmed.com\/index.php?rest_route=%2Fwp%2Fv2%2Fcomments&post=10371"}],"wp:featuredmedia":[{"embeddable":true,"href":"https:\/\/catalogue.biofabmed.com\/index.php?rest_route=\/wp\/v2\/media\/10470"}],"wp:attachment":[{"href":"https:\/\/catalogue.biofabmed.com\/index.php?rest_route=%2Fwp%2Fv2%2Fmedia&parent=10371"}],"wp:term":[{"taxonomy":"pwb-brand","embeddable":true,"href":"https:\/\/catalogue.biofabmed.com\/index.php?rest_route=%2Fwp%2Fv2%2Fpwb-brand&post=10371"},{"taxonomy":"product_brand","embeddable":true,"href":"https:\/\/catalogue.biofabmed.com\/index.php?rest_route=%2Fwp%2Fv2%2Fproduct_brand&post=10371"},{"taxonomy":"product_cat","embeddable":true,"href":"https:\/\/catalogue.biofabmed.com\/index.php?rest_route=%2Fwp%2Fv2%2Fproduct_cat&post=10371"},{"taxonomy":"product_tag","embeddable":true,"href":"https:\/\/catalogue.biofabmed.com\/index.php?rest_route=%2Fwp%2Fv2%2Fproduct_tag&post=10371"}],"curies":[{"name":"wp","href":"https:\/\/api.w.org\/{rel}","templated":true}]}}